{"id":5301,"date":"2025-04-04T18:55:36","date_gmt":"2025-04-04T15:55:36","guid":{"rendered":"https:\/\/kimya.kullerian.com\/our-products\/water-based-products\/glycols\/butil-diglikol\/"},"modified":"2025-04-04T18:55:36","modified_gmt":"2025-04-04T15:55:36","slug":"butil-diglikol","status":"publish","type":"page","link":"https:\/\/pinarkimya.com\/en\/our-products\/water-based-products\/glycols\/butil-diglikol\/","title":{"rendered":"BUT\u0130L D\u0130GL\u0130KOL"},"content":{"rendered":"","protected":false},"excerpt":{"rendered":"","protected":false},"author":1,"featured_media":0,"parent":226,"menu_order":0,"comment_status":"closed","ping_status":"closed","template":"","meta":{"footnotes":"","_links_to":"","_links_to_target":""},"class_list":["post-5301","page","type-page","status-publish","hentry"],"aioseo_notices":[],"_links":{"self":[{"href":"https:\/\/pinarkimya.com\/en\/wp-json\/wp\/v2\/pages\/5301","targetHints":{"allow":["GET"]}}],"collection":[{"href":"https:\/\/pinarkimya.com\/en\/wp-json\/wp\/v2\/pages"}],"about":[{"href":"https:\/\/pinarkimya.com\/en\/wp-json\/wp\/v2\/types\/page"}],"author":[{"embeddable":true,"href":"https:\/\/pinarkimya.com\/en\/wp-json\/wp\/v2\/users\/1"}],"replies":[{"embeddable":true,"href":"https:\/\/pinarkimya.com\/en\/wp-json\/wp\/v2\/comments?post=5301"}],"version-history":[{"count":0,"href":"https:\/\/pinarkimya.com\/en\/wp-json\/wp\/v2\/pages\/5301\/revisions"}],"up":[{"embeddable":true,"href":"https:\/\/pinarkimya.com\/en\/wp-json\/wp\/v2\/pages\/226"}],"wp:attachment":[{"href":"https:\/\/pinarkimya.com\/en\/wp-json\/wp\/v2\/media?parent=5301"}],"curies":[{"name":"wp","href":"https:\/\/api.w.org\/{rel}","templated":true}]}}