{"id":193,"date":"2025-04-03T12:59:14","date_gmt":"2025-04-03T09:59:14","guid":{"rendered":"https:\/\/kimya.kullerian.com\/urunlerimiz\/pigment-pastalar\/stasafe-serisi-pastalar\/"},"modified":"2025-04-04T13:27:46","modified_gmt":"2025-04-04T10:27:46","slug":"stasafe-series-pastes","status":"publish","type":"page","link":"https:\/\/pinarkimya.com\/en\/our-products\/pigment-pastes\/stasafe-series-pastes\/","title":{"rendered":"STASAFE Series Pastes"},"content":{"rendered":"<h4>STASAFE SER\u0130S\u0130 KIRTAS\u0130YE SEKT\u00d6R\u00dcNE Y\u00d6NEL\u0130K RENK PASTALARI<\/h4>\n<p>STASAFE Serisi Pastalar, k\u0131rtasiye sekt\u00f6r\u00fc i\u00e7in dizayn edilmi\u015f, pigment dispersiyonlar\u0131d\u0131r. Su ve ya\u011f bazl\u0131 sistemler i\u00e7in farkl\u0131 2 \u00fcr\u00fcn grubu ihtiva etmektedir.<\/p>\n<h4>G\u00dcNCEL MEVZUATLARA UYGUN \u00c7\u00d6Z\u00dcMLER<\/h4>\n<p>STASAFE Serisi \u00fcr\u00fcnler, k\u0131rtasiye sekt\u00f6r\u00fc i\u00e7in g\u00fcncel malzeme g\u00fcvenlik kriterlerini sa\u011flayacak \u015fekilde \u00fcretilmektedirler. K\u0131rtasiye sekt\u00f6r\u00fcnde, g\u00fcncellenen mevzuatlar ile \u00e7ok hassas kriterler devreye al\u0131nm\u0131\u015ft\u0131r. Bir\u00e7ok hammadde \u00fcreticisi bu kriterler i\u00e7in garanti verememektedir. G\u00fcray Kimya olarak \u00fcretim \u00f6ncesi giren her girdinin ayr\u0131 ayr\u0131 testleri yap\u0131lmaktad\u0131r. Kriterlere uygun bulunan hammaddeler ile kontroll\u00fc bir \u00fcretim prosesi y\u00fcr\u00fct\u00fclmekte ve \u00e7\u0131kan her parti \u00fcr\u00fcn\u00fcn akredite kurumlarda testleri yap\u0131lmaktad\u0131r. Bu testler sonucunda ancak uygun olan \u00fcr\u00fcnler Stasafe markas\u0131 alt\u0131nda dolum yap\u0131larak piyasaya sunulmaktad\u0131r.<\/p>\n<h4>TEMEL KR\u0130TERLER<\/h4>\n<p>STASAFE serisi \u00fcr\u00fcnler i\u00e7in a\u015fa\u011f\u0131daki testler s\u00fcrd\u00fcr\u00fclmektedir.<\/p>\n<h4>\u00d6ZEL \u00c7\u00d6Z\u00dcMLER<\/h4>\n<p>Stasafe serisi \u00fcr\u00fcnler i\u00e7in g\u00fcncel mevzuatlar baz al\u0131narak, G\u00fcray Kimya taraf\u0131ndan olu\u015fturulmu\u015f parametreler bulunmaktad\u0131r. G\u00fcn\u00fcm\u00fczde b\u00f6lgesel ya da firma \u00f6zelinde de farkl\u0131 parametreler de talep edilebilmektedir. G\u00fcray Kimya, mevcut Stasafe \u00fcr\u00fcn\u00fc gam\u0131 d\u0131\u015f\u0131nda da proje \u00f6zelinde \u00f6zel \u00e7\u00f6z\u00fcmler geli\u015ftirilebilmektedir.<\/p>\n","protected":false},"excerpt":{"rendered":"<p>STASAFE SER\u0130S\u0130 KIRTAS\u0130YE SEKT\u00d6R\u00dcNE Y\u00d6NEL\u0130K RENK PASTALARI STASAFE Serisi Pastalar, k\u0131rtasiye sekt\u00f6r\u00fc i\u00e7in dizayn edilmi\u015f, pigment dispersiyonlar\u0131d\u0131r. Su ve ya\u011f bazl\u0131 sistemler i\u00e7in farkl\u0131 2 \u00fcr\u00fcn grubu ihtiva etmektedir. G\u00dcNCEL MEVZUATLARA UYGUN \u00c7\u00d6Z\u00dcMLER STASAFE Serisi \u00fcr\u00fcnler, k\u0131rtasiye sekt\u00f6r\u00fc i\u00e7in g\u00fcncel malzeme g\u00fcvenlik kriterlerini sa\u011flayacak \u015fekilde \u00fcretilmektedirler. K\u0131rtasiye sekt\u00f6r\u00fcnde, g\u00fcncellenen mevzuatlar ile \u00e7ok hassas kriterler devreye [&hellip;]<\/p>\n","protected":false},"author":1,"featured_media":0,"parent":175,"menu_order":0,"comment_status":"closed","ping_status":"closed","template":"","meta":{"footnotes":"","_links_to":"","_links_to_target":""},"class_list":["post-193","page","type-page","status-publish","hentry"],"aioseo_notices":[],"_links":{"self":[{"href":"https:\/\/pinarkimya.com\/en\/wp-json\/wp\/v2\/pages\/193","targetHints":{"allow":["GET"]}}],"collection":[{"href":"https:\/\/pinarkimya.com\/en\/wp-json\/wp\/v2\/pages"}],"about":[{"href":"https:\/\/pinarkimya.com\/en\/wp-json\/wp\/v2\/types\/page"}],"author":[{"embeddable":true,"href":"https:\/\/pinarkimya.com\/en\/wp-json\/wp\/v2\/users\/1"}],"replies":[{"embeddable":true,"href":"https:\/\/pinarkimya.com\/en\/wp-json\/wp\/v2\/comments?post=193"}],"version-history":[{"count":2,"href":"https:\/\/pinarkimya.com\/en\/wp-json\/wp\/v2\/pages\/193\/revisions"}],"predecessor-version":[{"id":728,"href":"https:\/\/pinarkimya.com\/en\/wp-json\/wp\/v2\/pages\/193\/revisions\/728"}],"up":[{"embeddable":true,"href":"https:\/\/pinarkimya.com\/en\/wp-json\/wp\/v2\/pages\/175"}],"wp:attachment":[{"href":"https:\/\/pinarkimya.com\/en\/wp-json\/wp\/v2\/media?parent=193"}],"curies":[{"name":"wp","href":"https:\/\/api.w.org\/{rel}","templated":true}]}}